{"id":93,"date":"2019-05-07T21:01:51","date_gmt":"2019-05-07T21:01:51","guid":{"rendered":"https:\/\/neboxhost.cl\/blog\/?page_id=93"},"modified":"2020-03-12T12:21:06","modified_gmt":"2020-03-12T12:21:06","slug":"mejor-hosting-para-wordpress-2019","status":"publish","type":"page","link":"https:\/\/neboxhost.cl\/blog\/mejor-hosting-para-wordpress-2019\/","title":{"rendered":"Mejor Hosting para WordPress [2020]"},"content":{"rendered":"<p>&nbsp;<\/p>\n<p><img loading=\"lazy\" decoding=\"async\" class=\"aligncenter wp-image-143 size-mh-magazine-lite-content\" src=\"https:\/\/neboxhost.cl\/blog\/wp-content\/uploads\/2019\/05\/Mejor-Hosting-para-Wordpress-2019-678x377.png\" alt=\"Mejor Hosting para WordPress 2019\" width=\"678\" height=\"377\" \/><\/p>\n<p><span style=\"font-weight: 400;\">A la hora de contratar el <\/span><b>mejor hosting para WordPress 2020<\/b><span style=\"font-weight: 400;\">\u00a0se deben tener en cuenta una serie de aspectos que son fundamentales para tomar la decisi\u00f3n adecuada. Dada la gran competencia existente en el sector es importante asegurarse de contratar un alojamiento para tu web que sea de calidad y que no te genere problemas.<\/span><\/p>\n<p><span style=\"font-weight: 400;\">A la hora de contratar a un proveedor de hosting puede que tengas muchas preguntas y dudas con respecto a qu\u00e9 compa\u00f1\u00eda y plan elegir, debiendo tener claras las necesidades y requisitos del servicio que se desea contratar.<\/span><\/p>\n<p><span style=\"font-weight: 400;\">Lo que debes tener claro antes de contratar un alojamiento para tu nuevo proyecto web, o bien para trasladar una p\u00e1gina ya creada y ubicada en otro hosting, <\/span><span style=\"font-weight: 400;\">es que es preferible optar por un servicio de calidad que por planes gratuitos o dudosos, recalcando que poder disfrutar de un buen hosting no est\u00e1 re\u00f1ido con obtenerlo a buen precio.<\/span><\/p>\n<p><span style=\"font-weight: 400;\">Es importante que no te dejes llevar y elijas cualquier hosting atra\u00eddo tan solo por su costo, ya que en muchas ocasiones te encontrar\u00e1s con alojamientos muy atractivos desde el punto de vista econ\u00f3mico pero cuyo servicio no cumple con las expectativas y\/o su atenci\u00f3n al cliente es mala e incluso inexistente, algo muy a tener en cuenta.<\/span><\/p>\n<h2><span style=\"font-weight: 400;\">\u00bfEs importante la velocidad en un Hosting para WordPress?<\/span><\/h2>\n<p><img loading=\"lazy\" decoding=\"async\" class=\"aligncenter wp-image-141 size-mh-magazine-lite-content\" src=\"https:\/\/neboxhost.cl\/blog\/wp-content\/uploads\/2019\/05\/Es-importante-la-velocidad-en-un-Hosting-para-Wordpress-678x377.png\" alt=\"\u00bfEs importante la velocidad en un Hosting para WordPress?\" width=\"678\" height=\"377\" \/><\/p>\n<p><span style=\"font-weight: 400;\">Si buscas el <\/span><b>mejor hosting para WordPress<\/b><span style=\"font-weight: 400;\"> debes tener presente la velocidad de carga, para ello te recomendamos confiar en los servicios de <\/span><a href=\"https:\/\/neboxhost.cl\"><b>NeboxHost<\/b><\/a><span style=\"font-weight: 400;\">, donde en apenas en milisegundos el servidor da respuesta inmediata al visitante.<\/span><\/p>\n<p><span style=\"font-weight: 400;\">Adem\u00e1s en unos minutos podr\u00e1s construir tu propio sitio web, sin necesidad de grandes conocimientos en el desarrollo de p\u00e1ginas webs y estando este totalmente optimizado para Google y para ser utilizado en dispositivos m\u00f3viles.<\/span><\/p>\n<p><span style=\"font-weight: 400;\">Dada la alta calidad del hosting cuenta con un instalador de aplicaciones autom\u00e1tico que te permitir\u00e1 disfrutar de la instalaci\u00f3n de WordPress en apenas unos clics. Asimismo hay disponibles otras muchas apps y scripts, entre las que se encuentran Magento, Joomla\u2026<\/span><\/p>\n<p><span style=\"font-weight: 400;\">NeboxHost hace posible que sus clientes puedan estar tranquilos en todo momento con respecto a su p\u00e1gina web, ya que gracias a las copias de seguridad autom\u00e1ticas habr\u00e1 una copia diaria de la misma. De esta manera, en el caso de que exista cualquier error, podr\u00e1s restaurar f\u00e1cilmente tu sitio a trav\u00e9s de tu panel de control cPanel y volver a un punto anterior en el que la p\u00e1gina web funcionaba de una manera \u00f3ptima.<\/span><\/p>\n<p><span style=\"font-weight: 400;\">Asimismo, y de forma totalmente gratuita, el proveedor de hosting chileno se ha adaptado a las necesidades actuales y a\u00f1ade de forma gratuita en sus planes el protocolo SSL\/Https para permitir una navegaci\u00f3n segura por la web. Este certificado es muy importante para lograr un mejor posicionamiento de una p\u00e1gina en Google y aqu\u00ed podr\u00e1s disfrutarlo de manera gratuita.<\/span><\/p>\n<p><span style=\"font-weight: 400;\">En busca de ofrecer un servicio de mayor calidad al del resto de empresas del sector, NeboxHost trabaja con esfuerzo para seguir mejorando la experiencia del cliente, poniendo a su disposici\u00f3n un soporte t\u00e9cnico que se encuentra disponible las 24 horas los 365 d\u00edas del a\u00f1o para responder r\u00e1pidamente ante cualquier incidencia o duda que pueda surgir.<\/span><\/p>\n<p><span style=\"font-weight: 400;\">En nuestro hosting podr\u00e1 disfrutar de un hardware costoso y de \u00faltima generaci\u00f3n, con discos SSD para as\u00ed estar en disposici\u00f3n de ofrecer los mejores servicios a todos aquellos que quieren emprender o desarrollar su proyecto en la red.<\/span><\/p>\n<h2><span style=\"font-weight: 400;\">Consejos para elegir el plan m\u00e1s adecuado<\/span><\/h2>\n<p><span style=\"font-weight: 400;\">Si quieres disfrutar del <\/span><i><span style=\"font-weight: 400;\">mejor hosting para WordPress<\/span><\/i> <span style=\"font-weight: 400;\">es importante que, antes de la contrataci\u00f3n de un plan, tengas en cuenta las siguientes caracter\u00edsticas:<\/span><\/p>\n<p style=\"text-align: center;\">[supsystic-price-table id=8]<\/p>\n<p>&nbsp;<\/p>\n<h3><span style=\"font-weight: 400;\">N\u00famero de sitios soportados<\/span><\/h3>\n<p><span style=\"font-weight: 400;\">En funci\u00f3n del n\u00famero de proyectos que quieras llevar a cabo, ser\u00e1 necesario que optes por un plan de hosting que te ofrezca soporte para una mayor o menor cantidad de ellos, teniendo en todos los casos siempre la posibilidad de cambiar de plan para adaptarse a tus necesidades.<\/span><\/p>\n<h3><span style=\"font-weight: 400;\">Capacidad de almacenamiento y transferencia<\/span><\/h3>\n<p><span style=\"font-weight: 400;\">Uno de los aspectos m\u00e1s importantes a la hora de seleccionar un plan de hosting es su capacidad de almacenamiento, existiendo opciones diversas en <\/span><b>NeboxHost<\/b><span style=\"font-weight: 400;\">, donde tan solo se trabaja con discos duros SSD para asegurar en todos los casos la mayor velocidad de transferencia.<\/span><\/p>\n<p><span style=\"font-weight: 400;\">La transferencia en sus diferentes paquetes de hosting es ilimitada, evitando as\u00ed las habituales restricciones de otros alojamientos y que pueden llegar a ocasionar importantes problemas de funcionamiento en el sitio web.<\/span><\/p>\n<h3><span style=\"font-weight: 400;\">Base de datos y cuentas de correo electr\u00f3nico<\/span><\/h3>\n<p><span style=\"font-weight: 400;\">Siendo conscientes de las necesidades actuales de los usuarios, desde <\/span><b>NeboxHost<\/b><span style=\"font-weight: 400;\"> se apuesta por poner a disposici\u00f3n de los clientes bases de datos Mysql ilimitadas. <\/span><\/p>\n<p><span style=\"font-weight: 400;\">Con las cuentas de correo electr\u00f3nico ocurre lo mismo y se pueden crear tantas como se deseen o sean necesarias, sin coste adicional.<\/span><\/p>\n<h3><span style=\"font-weight: 400;\">Certificado SSL<\/span><\/h3>\n<p><span style=\"font-weight: 400;\">El certificado SSL es un imprescindible en la actualidad para proporcionar una mayor seguridad de navegaci\u00f3n a los visitantes de una p\u00e1gina web, siendo altamente valorado por Google a la hora de posicionar una web en su popular buscador.<\/span><\/p>\n<h3><span style=\"font-weight: 400;\">Dominio <\/span><\/h3>\n<p><span style=\"font-weight: 400;\">En determinados planes se incluye el dominio, por lo que si no lo tienes podr\u00e1s crear tu web y elegir desde la propia plataforma aquel nombre de dominio que desees para tu web, siempre y cuando se encuentre disponible para su uso.<\/span><\/p>\n<h3><span style=\"font-weight: 400;\">IP dedicada<\/span><\/h3>\n<p><span style=\"font-weight: 400;\">En los planes m\u00e1s avanzados y profesionales, <\/span><b>NeboxHost<\/b><span style=\"font-weight: 400;\"> ofrece IP dedicada, que no es m\u00e1s que una direcci\u00f3n de internet \u00fanica dedicada en exclusiva a esa cuenta de hosting, lo que tiene grandes ventajas a la hora poder disfrutar de un mejor servicio DNS e incrementar la seguridad de las p\u00e1ginas webs alojadas en ese hosting.<\/span><\/p>\n<h3><span style=\"font-weight: 400;\">Migraci\u00f3n del sitio web<\/span><\/h3>\n<p><span style=\"font-weight: 400;\">Es importante que si ya tienes una p\u00e1gina web alojada en otro hosting, valores seriamente la posibilidad de que tu nuevo proveedor se encargue de hacer todo el traslado para que as\u00ed se reduzcan los riesgos de que puedas cometer alg\u00fan error durante el proceso. <\/span><\/p>\n<p><span style=\"font-weight: 400;\">NeboxHost<\/span> <span style=\"font-weight: 400;\">proporciona este servicio sin costo adicional a la contrataci\u00f3n, un punto muy a tener en cuenta por parte del mejor hosting para WordPress.<\/span><\/p>\n<p><span style=\"font-weight: 400;\">NeboxHost cuenta con diferentes planes a disposici\u00f3n de los usuarios, ofreciendo en todos ellos una garant\u00eda de devoluci\u00f3n de dinero de 30 d\u00edas para que aquella persona que no est\u00e9 satisfecha con el servicio pueda recuperar su dinero.<\/span><\/p>\n","protected":false},"excerpt":{"rendered":"<p>&nbsp; A la hora de contratar el mejor hosting para WordPress 2020\u00a0se deben tener en cuenta una serie de aspectos que son fundamentales para tomar&hellip;<\/p>\n","protected":false},"author":1,"featured_media":143,"parent":0,"menu_order":0,"comment_status":"closed","ping_status":"closed","template":"template-full.php","meta":{"footnotes":""},"class_list":["post-93","page","type-page","status-publish","has-post-thumbnail","hentry"],"yoast_head":"<!-- This site is optimized with the Yoast SEO plugin v27.3 - https:\/\/yoast.com\/product\/yoast-seo-wordpress\/ -->\n<title>Mejor Hosting para Wordpress [2020] - NeboxHost - Blog<\/title>\n<meta name=\"robots\" content=\"index, follow, max-snippet:-1, max-image-preview:large, max-video-preview:-1\" \/>\n<link rel=\"canonical\" href=\"https:\/\/neboxhost.cl\/blog\/mejor-hosting-para-wordpress-2019\/\" \/>\n<meta property=\"og:locale\" content=\"es_ES\" \/>\n<meta property=\"og:type\" content=\"article\" \/>\n<meta property=\"og:title\" content=\"Mejor Hosting para Wordpress [2020] - NeboxHost - Blog\" \/>\n<meta property=\"og:description\" content=\"&nbsp; A la hora de contratar el mejor hosting para WordPress 2020\u00a0se deben tener en cuenta una serie de aspectos que son fundamentales para tomar&hellip;\" \/>\n<meta property=\"og:url\" content=\"https:\/\/neboxhost.cl\/blog\/mejor-hosting-para-wordpress-2019\/\" \/>\n<meta property=\"og:site_name\" content=\"NeboxHost - Blog\" \/>\n<meta property=\"article:modified_time\" content=\"2020-03-12T12:21:06+00:00\" \/>\n<meta property=\"og:image\" content=\"https:\/\/neboxhost.cl\/blog\/wp-content\/uploads\/2019\/05\/Mejor-Hosting-para-Wordpress-2019-e1593031056164.png\" \/>\n\t<meta property=\"og:image:width\" content=\"326\" \/>\n\t<meta property=\"og:image:height\" content=\"176\" \/>\n\t<meta property=\"og:image:type\" content=\"image\/png\" \/>\n<meta name=\"twitter:card\" content=\"summary_large_image\" \/>\n<meta name=\"twitter:label1\" content=\"Tiempo de lectura\" \/>\n\t<meta name=\"twitter:data1\" content=\"5 minutos\" \/>\n<script type=\"application\/ld+json\" class=\"yoast-schema-graph\">{\"@context\":\"https:\\\/\\\/schema.org\",\"@graph\":[{\"@type\":\"WebPage\",\"@id\":\"https:\\\/\\\/neboxhost.cl\\\/blog\\\/mejor-hosting-para-wordpress-2019\\\/\",\"url\":\"https:\\\/\\\/neboxhost.cl\\\/blog\\\/mejor-hosting-para-wordpress-2019\\\/\",\"name\":\"Mejor Hosting para Wordpress [2020] - NeboxHost - Blog\",\"isPartOf\":{\"@id\":\"https:\\\/\\\/neboxhost.cl\\\/blog\\\/#website\"},\"primaryImageOfPage\":{\"@id\":\"https:\\\/\\\/neboxhost.cl\\\/blog\\\/mejor-hosting-para-wordpress-2019\\\/#primaryimage\"},\"image\":{\"@id\":\"https:\\\/\\\/neboxhost.cl\\\/blog\\\/mejor-hosting-para-wordpress-2019\\\/#primaryimage\"},\"thumbnailUrl\":\"https:\\\/\\\/neboxhost.cl\\\/blog\\\/wp-content\\\/uploads\\\/2019\\\/05\\\/Mejor-Hosting-para-Wordpress-2019-e1593031056164.png\",\"datePublished\":\"2019-05-07T21:01:51+00:00\",\"dateModified\":\"2020-03-12T12:21:06+00:00\",\"breadcrumb\":{\"@id\":\"https:\\\/\\\/neboxhost.cl\\\/blog\\\/mejor-hosting-para-wordpress-2019\\\/#breadcrumb\"},\"inLanguage\":\"es\",\"potentialAction\":[{\"@type\":\"ReadAction\",\"target\":[\"https:\\\/\\\/neboxhost.cl\\\/blog\\\/mejor-hosting-para-wordpress-2019\\\/\"]}]},{\"@type\":\"ImageObject\",\"inLanguage\":\"es\",\"@id\":\"https:\\\/\\\/neboxhost.cl\\\/blog\\\/mejor-hosting-para-wordpress-2019\\\/#primaryimage\",\"url\":\"https:\\\/\\\/neboxhost.cl\\\/blog\\\/wp-content\\\/uploads\\\/2019\\\/05\\\/Mejor-Hosting-para-Wordpress-2019-e1593031056164.png\",\"contentUrl\":\"https:\\\/\\\/neboxhost.cl\\\/blog\\\/wp-content\\\/uploads\\\/2019\\\/05\\\/Mejor-Hosting-para-Wordpress-2019-e1593031056164.png\",\"width\":326,\"height\":176,\"caption\":\"Mejor Hosting para Wordpress 2019\"},{\"@type\":\"BreadcrumbList\",\"@id\":\"https:\\\/\\\/neboxhost.cl\\\/blog\\\/mejor-hosting-para-wordpress-2019\\\/#breadcrumb\",\"itemListElement\":[{\"@type\":\"ListItem\",\"position\":1,\"name\":\"Portada\",\"item\":\"https:\\\/\\\/neboxhost.cl\\\/blog\\\/\"},{\"@type\":\"ListItem\",\"position\":2,\"name\":\"Mejor Hosting para WordPress [2020]\"}]},{\"@type\":\"WebSite\",\"@id\":\"https:\\\/\\\/neboxhost.cl\\\/blog\\\/#website\",\"url\":\"https:\\\/\\\/neboxhost.cl\\\/blog\\\/\",\"name\":\"NeboxHost - Blog\",\"description\":\"Blog de asistencia, gu\u00edas y conocimiento de NeboxHost.cl\",\"potentialAction\":[{\"@type\":\"SearchAction\",\"target\":{\"@type\":\"EntryPoint\",\"urlTemplate\":\"https:\\\/\\\/neboxhost.cl\\\/blog\\\/?s={search_term_string}\"},\"query-input\":{\"@type\":\"PropertyValueSpecification\",\"valueRequired\":true,\"valueName\":\"search_term_string\"}}],\"inLanguage\":\"es\"}]}<\/script>\n<!-- \/ Yoast SEO plugin. -->","yoast_head_json":{"title":"Mejor Hosting para Wordpress [2020] - NeboxHost - Blog","robots":{"index":"index","follow":"follow","max-snippet":"max-snippet:-1","max-image-preview":"max-image-preview:large","max-video-preview":"max-video-preview:-1"},"canonical":"https:\/\/neboxhost.cl\/blog\/mejor-hosting-para-wordpress-2019\/","og_locale":"es_ES","og_type":"article","og_title":"Mejor Hosting para Wordpress [2020] - NeboxHost - Blog","og_description":"&nbsp; A la hora de contratar el mejor hosting para WordPress 2020\u00a0se deben tener en cuenta una serie de aspectos que son fundamentales para tomar&hellip;","og_url":"https:\/\/neboxhost.cl\/blog\/mejor-hosting-para-wordpress-2019\/","og_site_name":"NeboxHost - Blog","article_modified_time":"2020-03-12T12:21:06+00:00","og_image":[{"width":326,"height":176,"url":"https:\/\/neboxhost.cl\/blog\/wp-content\/uploads\/2019\/05\/Mejor-Hosting-para-Wordpress-2019-e1593031056164.png","type":"image\/png"}],"twitter_card":"summary_large_image","twitter_misc":{"Tiempo de lectura":"5 minutos"},"schema":{"@context":"https:\/\/schema.org","@graph":[{"@type":"WebPage","@id":"https:\/\/neboxhost.cl\/blog\/mejor-hosting-para-wordpress-2019\/","url":"https:\/\/neboxhost.cl\/blog\/mejor-hosting-para-wordpress-2019\/","name":"Mejor Hosting para Wordpress [2020] - NeboxHost - Blog","isPartOf":{"@id":"https:\/\/neboxhost.cl\/blog\/#website"},"primaryImageOfPage":{"@id":"https:\/\/neboxhost.cl\/blog\/mejor-hosting-para-wordpress-2019\/#primaryimage"},"image":{"@id":"https:\/\/neboxhost.cl\/blog\/mejor-hosting-para-wordpress-2019\/#primaryimage"},"thumbnailUrl":"https:\/\/neboxhost.cl\/blog\/wp-content\/uploads\/2019\/05\/Mejor-Hosting-para-Wordpress-2019-e1593031056164.png","datePublished":"2019-05-07T21:01:51+00:00","dateModified":"2020-03-12T12:21:06+00:00","breadcrumb":{"@id":"https:\/\/neboxhost.cl\/blog\/mejor-hosting-para-wordpress-2019\/#breadcrumb"},"inLanguage":"es","potentialAction":[{"@type":"ReadAction","target":["https:\/\/neboxhost.cl\/blog\/mejor-hosting-para-wordpress-2019\/"]}]},{"@type":"ImageObject","inLanguage":"es","@id":"https:\/\/neboxhost.cl\/blog\/mejor-hosting-para-wordpress-2019\/#primaryimage","url":"https:\/\/neboxhost.cl\/blog\/wp-content\/uploads\/2019\/05\/Mejor-Hosting-para-Wordpress-2019-e1593031056164.png","contentUrl":"https:\/\/neboxhost.cl\/blog\/wp-content\/uploads\/2019\/05\/Mejor-Hosting-para-Wordpress-2019-e1593031056164.png","width":326,"height":176,"caption":"Mejor Hosting para Wordpress 2019"},{"@type":"BreadcrumbList","@id":"https:\/\/neboxhost.cl\/blog\/mejor-hosting-para-wordpress-2019\/#breadcrumb","itemListElement":[{"@type":"ListItem","position":1,"name":"Portada","item":"https:\/\/neboxhost.cl\/blog\/"},{"@type":"ListItem","position":2,"name":"Mejor Hosting para WordPress [2020]"}]},{"@type":"WebSite","@id":"https:\/\/neboxhost.cl\/blog\/#website","url":"https:\/\/neboxhost.cl\/blog\/","name":"NeboxHost - Blog","description":"Blog de asistencia, gu\u00edas y conocimiento de NeboxHost.cl","potentialAction":[{"@type":"SearchAction","target":{"@type":"EntryPoint","urlTemplate":"https:\/\/neboxhost.cl\/blog\/?s={search_term_string}"},"query-input":{"@type":"PropertyValueSpecification","valueRequired":true,"valueName":"search_term_string"}}],"inLanguage":"es"}]}},"_links":{"self":[{"href":"https:\/\/neboxhost.cl\/blog\/wp-json\/wp\/v2\/pages\/93","targetHints":{"allow":["GET"]}}],"collection":[{"href":"https:\/\/neboxhost.cl\/blog\/wp-json\/wp\/v2\/pages"}],"about":[{"href":"https:\/\/neboxhost.cl\/blog\/wp-json\/wp\/v2\/types\/page"}],"author":[{"embeddable":true,"href":"https:\/\/neboxhost.cl\/blog\/wp-json\/wp\/v2\/users\/1"}],"replies":[{"embeddable":true,"href":"https:\/\/neboxhost.cl\/blog\/wp-json\/wp\/v2\/comments?post=93"}],"version-history":[{"count":0,"href":"https:\/\/neboxhost.cl\/blog\/wp-json\/wp\/v2\/pages\/93\/revisions"}],"wp:featuredmedia":[{"embeddable":true,"href":"https:\/\/neboxhost.cl\/blog\/wp-json\/wp\/v2\/media\/143"}],"wp:attachment":[{"href":"https:\/\/neboxhost.cl\/blog\/wp-json\/wp\/v2\/media?parent=93"}],"curies":[{"name":"wp","href":"https:\/\/api.w.org\/{rel}","templated":true}]}}